{"id":23,"date":"2018-10-31T12:34:53","date_gmt":"2018-10-31T11:34:53","guid":{"rendered":"http:\/\/lendewell.com\/histoires\/?page_id=23"},"modified":"2019-06-13T17:52:15","modified_gmt":"2019-06-13T15:52:15","slug":"a-propos-de","status":"publish","type":"page","link":"https:\/\/lendewell.com\/histoires\/a-propos-de\/","title":{"rendered":"Mais qui es-tu?"},"content":{"rendered":"<p>Toute petite d\u00e9j\u00e0, elle ne pouvait s\u2019emp\u00eacher de raconter des histoires. A tel point que ses parents lui demandaient souvent si sa langue n\u2019\u00e9tait pas fatigu\u00e9e de tant parler. \u00ab Pas du tout \u00bb r\u00e9pondait-elle, au grand dam de ceux-ci, \u00ab ma langue ne se frotte pas encore les yeux \u00bb.<\/p>\n<p>Et bien depuis, \u00e7a n\u2019a pas chang\u00e9. Que du contraire.<\/p>\n<p>D\u2019abord conteuse par survie, pour occuper ses deux jeunes fr\u00e8res lors de trajets interminables en voiture ou simplement pour les mettre au lit, elle passe sont temps \u00e0 leur inventer des histoires frissonnantes, rigolotes, ou palpitantes, \u00e0 la demande.<\/p>\n<p>Puis embarqu\u00e9e en tant que monitrice de th\u00e9\u00e2tre\/impro cat\u00e9gorie 5-7 ans et 8-11 ans, elle perfectionne son art sur ses jeunes victimes, leur ouvrant la porte des mondes fantastiques.<\/p>\n<p>Un peu d\u2019impro, d\u2019art de la parole \u00e0 l\u2019acad\u00e9mie, la voici finalement embarqu\u00e9e dans la formation longue de l\u2019Ecole du Conte, promotion 2015.<\/p>\n<p>Entre temps, elle fourbit ses armes avec le MFC, devenant la conteuse attitr\u00e9e du groupe. Elle invente des histoires haut perch\u00e9es, pleines de jeux de mots, de double-sens et d\u2019amusement.<\/p>\n<p>Un univers d\u00e9jant\u00e9 tour \u00e0 tour sombre et lumineux, s\u00e9rieux et dr\u00f4le, ses histoires ne vous laisseront pas indiff\u00e9rents.<\/p>\n","protected":false},"excerpt":{"rendered":"<p>Toute petite d\u00e9j\u00e0, elle ne pouvait s\u2019emp\u00eacher de raconter des histoires. A tel point que ses parents lui demandaient souvent si sa langue n\u2019\u00e9tait pas fatigu\u00e9e de tant parler. \u00ab Pas du tout \u00bb r\u00e9pondait-elle, au grand dam de ceux-ci, \u00ab ma langue ne se frotte pas encore les yeux \u00bb. Et bien depuis, \u00e7a &hellip; <\/p>\n<p class=\"link-more\"><a href=\"https:\/\/lendewell.com\/histoires\/a-propos-de\/\" class=\"more-link\">Continuer la lecture<span class=\"screen-reader-text\"> de &laquo;&nbsp;Mais qui es-tu?&nbsp;&raquo;<\/span><\/a><\/p>\n","protected":false},"author":1,"featured_media":48,"parent":0,"menu_order":0,"comment_status":"open","ping_status":"closed","template":"","meta":{"episode_type":"","audio_file":"","podmotor_file_id":"","podmotor_episode_id":"","cover_image":"","cover_image_id":"","duration":"","filesize":"","filesize_raw":"","date_recorded":"","explicit":"","block":"","itunes_episode_number":"","itunes_title":"","itunes_season_number":"","itunes_episode_type":"","footnotes":""},"class_list":["post-23","page","type-page","status-publish","has-post-thumbnail","hentry"],"jetpack_sharing_enabled":true,"_links":{"self":[{"href":"https:\/\/lendewell.com\/histoires\/wp-json\/wp\/v2\/pages\/23","targetHints":{"allow":["GET"]}}],"collection":[{"href":"https:\/\/lendewell.com\/histoires\/wp-json\/wp\/v2\/pages"}],"about":[{"href":"https:\/\/lendewell.com\/histoires\/wp-json\/wp\/v2\/types\/page"}],"author":[{"embeddable":true,"href":"https:\/\/lendewell.com\/histoires\/wp-json\/wp\/v2\/users\/1"}],"replies":[{"embeddable":true,"href":"https:\/\/lendewell.com\/histoires\/wp-json\/wp\/v2\/comments?post=23"}],"version-history":[{"count":4,"href":"https:\/\/lendewell.com\/histoires\/wp-json\/wp\/v2\/pages\/23\/revisions"}],"predecessor-version":[{"id":175,"href":"https:\/\/lendewell.com\/histoires\/wp-json\/wp\/v2\/pages\/23\/revisions\/175"}],"wp:featuredmedia":[{"embeddable":true,"href":"https:\/\/lendewell.com\/histoires\/wp-json\/wp\/v2\/media\/48"}],"wp:attachment":[{"href":"https:\/\/lendewell.com\/histoires\/wp-json\/wp\/v2\/media?parent=23"}],"curies":[{"name":"wp","href":"https:\/\/api.w.org\/{rel}","templated":true}]}}