{"id":22,"date":"2018-10-31T12:34:53","date_gmt":"2018-10-31T11:34:53","guid":{"rendered":"http:\/\/lendewell.com\/histoires\/?page_id=22"},"modified":"2020-07-20T15:31:18","modified_gmt":"2020-07-20T13:31:18","slug":"accueil","status":"publish","type":"page","link":"https:\/\/lendewell.com\/histoires\/accueil\/","title":{"rendered":"Accueil"},"content":{"rendered":"<p>Bienvenue sur \u00ab\u00a0Je conte jusqu&rsquo;\u00e0 toi\u00a0\u00bb, votre podcast de contes et d&rsquo;histoires.<\/p>\n<p>Puissent celles-ci vous entrainer dans des aventures fabuleuses et vous permettre de r\u00eaver pendant quelques minutes.<\/p>\n<p>Vu qu&rsquo;une page d&rsquo;accueil, c&rsquo;est tout\u00a0 juste le\u00a0 d\u00e9but d&rsquo;une aventure, on va apprendre \u00e0 se d\u00e9couvrir. Si vous avez des id\u00e9es, des envies, n&rsquo;h\u00e9sitez pas \u00e0 m&rsquo;en faire part&#8230;<\/p>\n<p>A partir d&rsquo;ici on va se tutoyer, c&rsquo;est plus sympa.<\/p>\n<p>Deux histoires par mois, parfois un peu plus. Ou un peu moins.<\/p>\n<p>\u00a0On verra. On se donne le temps.<\/p>\n<p>A tout de suite?<\/p>\n\n\n<figure class=\"wp-block-image size-large\"><img loading=\"lazy\" decoding=\"async\" width=\"1024\" height=\"576\" src=\"https:\/\/lendewell.com\/histoires\/wp-content\/uploads\/2019\/12\/brume-1024x576.jpg\" alt=\"\" class=\"wp-image-311\" srcset=\"https:\/\/lendewell.com\/histoires\/wp-content\/uploads\/2019\/12\/brume-1024x576.jpg 1024w, https:\/\/lendewell.com\/histoires\/wp-content\/uploads\/2019\/12\/brume-scaled-350x197.jpg 350w, https:\/\/lendewell.com\/histoires\/wp-content\/uploads\/2019\/12\/brume-300x169.jpg 300w, https:\/\/lendewell.com\/histoires\/wp-content\/uploads\/2019\/12\/brume-768x432.jpg 768w, https:\/\/lendewell.com\/histoires\/wp-content\/uploads\/2019\/12\/brume-1536x864.jpg 1536w, https:\/\/lendewell.com\/histoires\/wp-content\/uploads\/2019\/12\/brume-2048x1152.jpg 2048w\" sizes=\"auto, (max-width: 767px) 89vw, (max-width: 1000px) 54vw, (max-width: 1071px) 543px, 580px\" \/><\/figure>\n","protected":false},"excerpt":{"rendered":"<p>Bienvenue sur \u00ab\u00a0Je conte jusqu&rsquo;\u00e0 toi\u00a0\u00bb, votre podcast de contes et d&rsquo;histoires. Puissent celles-ci vous entrainer dans des aventures fabuleuses et vous permettre de r\u00eaver pendant quelques minutes. Vu qu&rsquo;une page d&rsquo;accueil, c&rsquo;est tout\u00a0 juste le\u00a0 d\u00e9but d&rsquo;une aventure, on va apprendre \u00e0 se d\u00e9couvrir. Si vous avez des id\u00e9es, des envies, n&rsquo;h\u00e9sitez pas \u00e0 &hellip; <\/p>\n<p class=\"link-more\"><a href=\"https:\/\/lendewell.com\/histoires\/accueil\/\" class=\"more-link\">Continuer la lecture<span class=\"screen-reader-text\"> de &laquo;&nbsp;Accueil&nbsp;&raquo;<\/span><\/a><\/p>\n","protected":false},"author":1,"featured_media":0,"parent":0,"menu_order":0,"comment_status":"closed","ping_status":"closed","template":"","meta":{"episode_type":"","audio_file":"","podmotor_file_id":"","podmotor_episode_id":"","cover_image":"","cover_image_id":"","duration":"","filesize":"","filesize_raw":"","date_recorded":"","explicit":"","block":"","itunes_episode_number":"","itunes_title":"","itunes_season_number":"","itunes_episode_type":"","footnotes":""},"class_list":["post-22","page","type-page","status-publish","hentry"],"jetpack_sharing_enabled":true,"_links":{"self":[{"href":"https:\/\/lendewell.com\/histoires\/wp-json\/wp\/v2\/pages\/22","targetHints":{"allow":["GET"]}}],"collection":[{"href":"https:\/\/lendewell.com\/histoires\/wp-json\/wp\/v2\/pages"}],"about":[{"href":"https:\/\/lendewell.com\/histoires\/wp-json\/wp\/v2\/types\/page"}],"author":[{"embeddable":true,"href":"https:\/\/lendewell.com\/histoires\/wp-json\/wp\/v2\/users\/1"}],"replies":[{"embeddable":true,"href":"https:\/\/lendewell.com\/histoires\/wp-json\/wp\/v2\/comments?post=22"}],"version-history":[{"count":5,"href":"https:\/\/lendewell.com\/histoires\/wp-json\/wp\/v2\/pages\/22\/revisions"}],"predecessor-version":[{"id":380,"href":"https:\/\/lendewell.com\/histoires\/wp-json\/wp\/v2\/pages\/22\/revisions\/380"}],"wp:attachment":[{"href":"https:\/\/lendewell.com\/histoires\/wp-json\/wp\/v2\/media?parent=22"}],"curies":[{"name":"wp","href":"https:\/\/api.w.org\/{rel}","templated":true}]}}